{"id":48,"date":"2021-08-04T15:50:28","date_gmt":"2021-08-04T13:50:28","guid":{"rendered":"https:\/\/www.altanart.cz\/kkcart\/?page_id=48"},"modified":"2021-08-09T20:16:55","modified_gmt":"2021-08-09T18:16:55","slug":"lektori","status":"publish","type":"page","link":"https:\/\/www.altanart.cz\/kkcart\/lektori\/","title":{"rendered":"Lekto\u0159i"},"content":{"rendered":"\n<h2 class=\"wp-block-heading\">Lekto\u0159i<\/h2>\n\n\n\n<h4 class=\"wp-block-heading\"><strong>RENATA DR\u00c1BKOV\u00c1<\/strong><\/h4>\n\n\n\n<div class=\"wp-block-columns is-layout-flex wp-container-core-columns-is-layout-9d6595d7 wp-block-columns-is-layout-flex\">\n<div class=\"wp-block-column is-layout-flow wp-block-column-is-layout-flow\" style=\"flex-basis:66.66%\">\n<p>Jsem v\u00fdtvarnice a cestovatelka. Studovala jsem obor sc\u00e9nografie a m\u016fj p\u0159\u00edstup k tvorb\u011b dodnes ovliv\u0148uje z\u00e1\u017eitek ze studia dialogick\u00e9ho jedn\u00e1n\u00ed u Ivana Vysko\u010dila na Kated\u0159e autorsk\u00e9 tvorby a pedagogiky DAMU. Vych\u00e1z\u00edm z&nbsp;intuice a medita\u010dn\u00edch technik. Posledn\u00ed roky se zab\u00fdv\u00e1m zvl\u00e1\u0161t\u011b kreslen\u00edm organick\u00fdch tvar\u016f a flor\u00e1li\u00ed, fantazi\u00ed \u017eivo\u010di\u0161n\u00fdch \u0159\u00ed\u0161\u00ed. Pr\u00e1v\u011b v&nbsp;tom m\u011b ovlivnil improviza\u010dn\u00ed divadeln\u00ed p\u0159\u00edstup, kter\u00fd vych\u00e1z\u00ed z&nbsp;dan\u00e9ho okam\u017eiku a pocitu, \u017ee v\u0161e, co p\u0159ich\u00e1z\u00ed, je spr\u00e1vn\u011b (tento p\u0159\u00edstup ve sv\u00e9 pr\u00e1ci vyu\u017e\u00edv\u00e1 nap\u0159. herec Jaroslav Du\u0161ek, p\u016fvodn\u00ed inspiraci \u010derp\u00e1 z&nbsp;divadla Voskovce a Wericha). V&nbsp;minul\u00fdch letech jsem dlouhodob\u011b pob\u00fdvala v&nbsp;Indii a Thajsku, v\u00fdtvarnou tvorbu jsem s&nbsp;cestov\u00e1n\u00edm propojovala tak\u00e9 v&nbsp;Nep\u00e1lu, Indon\u00e9sii, na Filip\u00edn\u00e1ch, Sr\u00ed Lance a v&nbsp;Kambod\u017ei.<\/p>\n\n\n\n<p>Sou\u010d\u00e1st\u00ed pr\u00e1ce um\u011blce je setk\u00e1v\u00e1n\u00ed se s&nbsp;vnit\u0159n\u00edmi obsahy, ne v\u017edy p\u0159\u00edjemn\u00fdmi. I touto cestou jsem si pro\u0161la, v&nbsp;ur\u010ditou chv\u00edli jsem se v\u0161ak rozhodla sm\u011b\u0159ovat svou energii do tvorby pozitivn\u00ed, do vytv\u00e1\u0159en\u00ed pozitivn\u00ed energie, do hezk\u00fdch v\u011bc\u00ed, do kr\u00e1sy tvo\u0159ivosti. Kreativitu vn\u00edm\u00e1m jako jeden z&nbsp;nejz\u00e1sadn\u011bj\u0161\u00edch aspekt\u016f lidsk\u00e9 existence\/byt\u00ed.<\/p>\n\n\n\n<p>Po p\u0159e\u010dten\u00ed knihy Um\u011blcova cesta, kter\u00e1 pracuje s&nbsp;otev\u00edr\u00e1n\u00edm kreativity, jsem si v\u00edce uv\u011bdomila, \u017ee r\u00e1da p\u0159ij\u00edm\u00e1m inspiraci z&nbsp;druh\u00fdch lid\u00ed a inspiraci tak\u00e9 r\u00e1da p\u0159ed\u00e1v\u00e1m. A tak tento princip uplat\u0148uji i ve sv\u00fdch lekc\u00edch, mot\u00fdl tvorby zlehka p\u0159el\u00e9t\u00e1v\u00e1 z&nbsp;\u010dlov\u011bka na \u010dlov\u011bka\u2026<\/p>\n\n\n\n<p>Moc mne bav\u00ed pracovat s&nbsp;lidmi, kte\u0159\u00ed mnoho pro\u017eili, ale st\u00e1le netu\u0161\u00ed, co v\u0161echno kr\u00e1sn\u00e9ho je v&nbsp;\u017eivot\u011b je\u0161t\u011b m\u016f\u017ee potkat. Chci probouzet radost z&nbsp;malov\u00e1n\u00ed, to je m\u016fj hlavn\u00ed c\u00edl p\u0159i veden\u00ed v\u0161ech v\u00fdtvarn\u00fdch kurs\u016f.<\/p>\n<\/div>\n\n\n\n<div class=\"wp-block-column is-layout-flow wp-block-column-is-layout-flow\" style=\"flex-basis:33.33%\">\n<figure class=\"wp-block-image size-full\"><img loading=\"lazy\" decoding=\"async\" width=\"296\" height=\"300\" src=\"https:\/\/www.altanart.cz\/kkcart\/wp-content\/uploads\/2021\/08\/Bez-nazvu-4_slouc.jpg\" alt=\"\" class=\"wp-image-151\" srcset=\"https:\/\/www.altanart.cz\/kkcart\/wp-content\/uploads\/2021\/08\/Bez-nazvu-4_slouc.jpg 296w, https:\/\/www.altanart.cz\/kkcart\/wp-content\/uploads\/2021\/08\/Bez-nazvu-4_slouc-59x60.jpg 59w\" sizes=\"auto, (max-width: 296px) 100vw, 296px\" \/><\/figure>\n<\/div>\n<\/div>\n\n\n\n<hr class=\"wp-block-separator is-style-wide\"\/>\n\n\n\n<h4 class=\"wp-block-heading\"><strong>\u010cEN\u011aK JIR\u00c1SKO<\/strong><\/h4>\n\n\n\n<div class=\"wp-block-columns is-layout-flex wp-container-core-columns-is-layout-9d6595d7 wp-block-columns-is-layout-flex\">\n<div class=\"wp-block-column is-layout-flow wp-block-column-is-layout-flow\" style=\"flex-basis:66.66%\">\n<p>Jsem soustavn\u00fd student.<\/p>\n\n\n\n<p>Nav\u0161t\u011bvoval jsem \u0161kolu V\u00e1clava Hollara a pot\u00e9 jsem absolvoval V\u0160VU v Bratislav\u011b, obor restaurov\u00e1n\u00ed n\u00e1st\u011bnn\u00fdch maleb, z\u00e1v\u011bsn\u00fdch obraz\u016f na pl\u00e1t\u011bn\u00fdch a d\u0159ev\u011bn\u00fdch podlo\u017ek\u00e1ch. Tak\u00e9 jsem se hodn\u011b nau\u010dil u zku\u0161en\u00fdch a nad\u0161en\u00fdch lid\u00ed z tohoto oboru a praxe.<\/p>\n\n\n\n<p>P\u0159i restaurov\u00e1n\u00ed jsem z\u00edskal jistou pokoru a \u00factu ke star\u00fdm mistr\u016fm mal\u00ed\u0159\u016fm. Ke v\u0161em, kdo n\u011bco vytvo\u0159ili a bavilo je to. To je mysl\u00edm to nejd\u016fle\u017eit\u011bj\u0161\u00ed: bavit se u malby.<\/p>\n\n\n\n<p>N\u00e1v\u0161t\u011bvy ve sv\u011btov\u00fdch galeri\u00edch mi taky n\u011bco daly, Pa\u0159\u00ed\u017e, Lond\u00fdn, V\u00edde\u0148, Florencie, a v neposledn\u00ed \u0159ad\u011b pra\u017esk\u00e9 galerie a muzea.<\/p>\n\n\n\n<p>J\u00f3 kdy\u017e si najdu chvilku, tak nejrad\u011bji maluju v&nbsp;plen\u00e9ru. To kdy\u017e si chci odpo\u010dinout. Tam, kde je sly\u0161et hukot v\u011btru, \u0159ev pt\u00e1\u010dk\u016f a cvrlik\u00e1n\u00ed potoka.<\/p>\n\n\n\n<p>Kdy\u017e maluju, tak nejrad\u011bji vrstven\u011b, postupn\u00fdm p\u0159id\u00e1v\u00e1n\u00edm barevn\u00fdch t\u00f3n\u016f.<\/p>\n\n\n\n<p>Pro m\u011b je malov\u00e1n\u00ed pono\u0159en\u00ed se do sebe sam\u00e9ho.<\/p>\n\n\n\n<p>M\u016f\u017eeme spolu zkusit malovat, co se n\u00e1m zl\u00edb\u00ed a l\u00edb\u00ed.<\/p>\n<\/div>\n\n\n\n<div class=\"wp-block-column is-layout-flow wp-block-column-is-layout-flow\" style=\"flex-basis:33.33%\">\n<figure class=\"wp-block-image size-full\"><img loading=\"lazy\" decoding=\"async\" width=\"172\" height=\"171\" src=\"https:\/\/www.altanart.cz\/kkcart\/wp-content\/uploads\/2021\/08\/Bez-nazvu-1_slouc.jpg\" alt=\"\" class=\"wp-image-149\" srcset=\"https:\/\/www.altanart.cz\/kkcart\/wp-content\/uploads\/2021\/08\/Bez-nazvu-1_slouc.jpg 172w, https:\/\/www.altanart.cz\/kkcart\/wp-content\/uploads\/2021\/08\/Bez-nazvu-1_slouc-150x150.jpg 150w, https:\/\/www.altanart.cz\/kkcart\/wp-content\/uploads\/2021\/08\/Bez-nazvu-1_slouc-60x60.jpg 60w\" sizes=\"auto, (max-width: 172px) 100vw, 172px\" \/><\/figure>\n<\/div>\n<\/div>\n\n\n\n<hr class=\"wp-block-separator is-style-wide\"\/>\n\n\n\n<h4 class=\"wp-block-heading\"><strong>ANTON\u00cdM KOPP<\/strong><\/h4>\n\n\n\n<div class=\"wp-block-columns is-layout-flex wp-container-core-columns-is-layout-9d6595d7 wp-block-columns-is-layout-flex\">\n<div class=\"wp-block-column is-layout-flow wp-block-column-is-layout-flow\" style=\"flex-basis:66.66%\">\n<p>Jsem absolventem Vysok\u00e9 \u0161koly um\u011bleckopr\u016fmyslov\u00e9 v&nbsp;Praze, ateli\u00e9ru ilustrace Ji\u0159\u00edho \u0160alamouna a grafick\u00e9ho designu Zde\u0148ka Zieglera. Po vysok\u00e9 \u0161kole jsem spoluzalo\u017eil um\u011bleckou skupinu PodBal spojuj\u00edc\u00ed v\u00fdtvarn\u00e9 um\u011bn\u00ed se soci\u00e1ln\u00edmi a politick\u00fdmi t\u00e9maty.<\/p>\n\n\n\n<p>Jsem rozen\u00fd experiment\u00e1tor a hleda\u010d nov\u00fdch a osobn\u00edch p\u0159\u00edstup\u016f v tvorb\u011b. Zde v KKC se sna\u017e\u00edm b\u00fdt tak\u00e9 hybatelem transformace&nbsp;v\u011bdom\u00ed mezi st\u00e1\u0159\u00edm, d\u011btstv\u00edm a v\u011bdom\u00edm za oponou reality. Moj\u00ed obl\u00edbenou paletou jsou v\u0161echny um\u011bleck\u00e9 sm\u011bry doposud vynalezen\u00e9, se kter\u00fdmi r\u00e1d seznamuji \u010di se naopak nech\u00e1v\u00e1m od student\u016f seznamovat. V kurzech se sna\u017e\u00edm, aby krom\u011b z\u00e1kladn\u00edch&nbsp;v\u00fdtvarn\u00fdch dovednost\u00ed za\u017eili radost z vlastn\u00edho objevov\u00e1n\u00ed mo\u017enost\u00ed barev, sv\u011btla a kompozice nebo t\u0159eba osobn\u00edho -ismu. Pro\u010d? Pro z\u00e1\u017eitky z pozn\u00e1v\u00e1n\u00ed, um\u011bn\u00ed a&nbsp;sebe \ud83d\ude42 Na obr\u00e1zku v KKC ART zakl\u00e1d\u00e1m strunismus a vznikaj\u00edc\u00ed obraz m\u00e1 n\u00e1zev&nbsp; &#8220;P\u0159elajnov\u00e1n\u00ed fotbalov\u00e9ho h\u0159i\u0161t\u011b vesm\u00edru (2020).&#8221;<\/p>\n\n\n\n<p>M\u00fdm ismem je nextmodernism a zde je \u010d\u00e1st prac\u00ed:&nbsp;<a href=\"http:\/\/www.koppart.net\/\" target=\"_blank\" rel=\"noreferrer noopener\">www.koppart.net<\/a><\/p>\n<\/div>\n\n\n\n<div class=\"wp-block-column is-layout-flow wp-block-column-is-layout-flow\" style=\"flex-basis:33.33%\">\n<figure class=\"wp-block-image size-full\"><img loading=\"lazy\" decoding=\"async\" width=\"420\" height=\"462\" src=\"https:\/\/www.altanart.cz\/kkcart\/wp-content\/uploads\/2021\/08\/Kopp_slouc.jpg\" alt=\"\" class=\"wp-image-150\" srcset=\"https:\/\/www.altanart.cz\/kkcart\/wp-content\/uploads\/2021\/08\/Kopp_slouc.jpg 420w, https:\/\/www.altanart.cz\/kkcart\/wp-content\/uploads\/2021\/08\/Kopp_slouc-273x300.jpg 273w, https:\/\/www.altanart.cz\/kkcart\/wp-content\/uploads\/2021\/08\/Kopp_slouc-55x60.jpg 55w\" sizes=\"auto, (max-width: 420px) 100vw, 420px\" \/><\/figure>\n<\/div>\n<\/div>\n\n\n\n<hr class=\"wp-block-separator is-style-wide\"\/>\n\n\n\n<h4 class=\"wp-block-heading\"><strong>LUCIE PROKOPOV\u00c1<\/strong><\/h4>\n\n\n\n<div class=\"wp-block-columns is-layout-flex wp-container-core-columns-is-layout-9d6595d7 wp-block-columns-is-layout-flex\">\n<div class=\"wp-block-column is-layout-flow wp-block-column-is-layout-flow\" style=\"flex-basis:66.66%\">\n<p> apod.,&nbsp;a vytv\u00e1\u0159\u00edm z nich asambl\u00e1\u017ee. Ale vedu nap\u0159\u00edklad tak\u00e9 v\u00fdtvarn\u00e9 lekce, ve kter\u00fdch pracujeme s&nbsp;n\u00e1hodn\u00fdmi skvrnami, nap\u0159\u00edklad od siln\u011b&nbsp;vylouhovan\u00e9 k\u00e1vy nebo inkoustu. Barevn\u00e9 skvrny jsou zaj\u00edmav\u00e9 i t\u00edm, \u017ee \u010dlov\u011bka u\u017e oded\u00e1vna podn\u011bcuj\u00ed k&nbsp;tomu, aby v&nbsp;nich n\u011bco vid\u011bl a vykl\u00e1dal si je. Podm\u00ednkou pro to v\u0161e je dobr\u00e1 a soust\u0159ed\u011bn\u00e1 atmosf\u00e9ra, ve kter\u00e9 ka\u017ed\u00fd dostane sv\u016fj prostor.\u200b <\/p>\n<\/div>\n\n\n\n<div class=\"wp-block-column is-layout-flow wp-block-column-is-layout-flow\" style=\"flex-basis:33.33%\">\n<figure class=\"wp-block-image size-full\"><img loading=\"lazy\" decoding=\"async\" width=\"169\" height=\"165\" src=\"https:\/\/www.altanart.cz\/kkcart\/wp-content\/uploads\/2021\/08\/Bez-nazvu-3_slouc.jpg\" alt=\"\" class=\"wp-image-152\" srcset=\"https:\/\/www.altanart.cz\/kkcart\/wp-content\/uploads\/2021\/08\/Bez-nazvu-3_slouc.jpg 169w, https:\/\/www.altanart.cz\/kkcart\/wp-content\/uploads\/2021\/08\/Bez-nazvu-3_slouc-61x60.jpg 61w\" sizes=\"auto, (max-width: 169px) 100vw, 169px\" \/><\/figure>\n<\/div>\n<\/div>\n","protected":false},"excerpt":{"rendered":"<p>Lekto\u0159i RENATA DR\u00c1BKOV\u00c1 Jsem v\u00fdtvarnice a cestovatelka. Studovala jsem obor &hellip; <\/p>\n","protected":false},"author":1,"featured_media":0,"parent":0,"menu_order":0,"comment_status":"closed","ping_status":"closed","template":"","meta":{"ngg_post_thumbnail":0,"footnotes":""},"class_list":["post-48","page","type-page","status-publish","hentry"],"yoast_head":"<!-- This site is optimized with the Yoast SEO plugin v21.6 - https:\/\/yoast.com\/wordpress\/plugins\/seo\/ -->\n<title>Lekto\u0159i - Kulturn\u011b komunitn\u00ed centrum ART<\/title>\n<meta name=\"description\" content=\"Jsme m\u00edstem setk\u00e1v\u00e1n\u00ed, inspirace a tvorby. Dok\u00e1\u017eeme v\u00e1s vyv\u00e9st ze samoty a propojit s\u00a0dal\u0161\u00edmi lidmi, se kter\u00fdmi naleznete spole\u010dnou \u0159e\u010d.\" \/>\n<meta name=\"robots\" content=\"index, follow, max-snippet:-1, max-image-preview:large, max-video-preview:-1\" \/>\n<link rel=\"canonical\" href=\"https:\/\/www.altanart.cz\/kkcart\/lektori\/\" \/>\n<meta property=\"og:locale\" content=\"cs_CZ\" \/>\n<meta property=\"og:type\" content=\"article\" \/>\n<meta property=\"og:title\" content=\"Lekto\u0159i - Kulturn\u011b komunitn\u00ed centrum ART\" \/>\n<meta property=\"og:description\" content=\"Jsme m\u00edstem setk\u00e1v\u00e1n\u00ed, inspirace a tvorby. Dok\u00e1\u017eeme v\u00e1s vyv\u00e9st ze samoty a propojit s\u00a0dal\u0161\u00edmi lidmi, se kter\u00fdmi naleznete spole\u010dnou \u0159e\u010d.\" \/>\n<meta property=\"og:url\" content=\"https:\/\/www.altanart.cz\/kkcart\/lektori\/\" \/>\n<meta property=\"og:site_name\" content=\"Kulturn\u011b komunitn\u00ed centrum ART\" \/>\n<meta property=\"article:modified_time\" content=\"2021-08-09T18:16:55+00:00\" \/>\n<meta property=\"og:image\" content=\"https:\/\/www.altanart.cz\/kkcart\/wp-content\/uploads\/2021\/08\/Bez-nazvu-4_slouc.jpg\" \/>\n<meta name=\"twitter:card\" content=\"summary_large_image\" \/>\n<meta name=\"twitter:label1\" content=\"Odhadovan\u00e1 doba \u010dten\u00ed\" \/>\n\t<meta name=\"twitter:data1\" content=\"4 minuty\" \/>\n<script type=\"application\/ld+json\" class=\"yoast-schema-graph\">{\"@context\":\"https:\/\/schema.org\",\"@graph\":[{\"@type\":\"WebPage\",\"@id\":\"https:\/\/www.altanart.cz\/kkcart\/lektori\/\",\"url\":\"https:\/\/www.altanart.cz\/kkcart\/lektori\/\",\"name\":\"Lekto\u0159i - Kulturn\u011b komunitn\u00ed centrum ART\",\"isPartOf\":{\"@id\":\"https:\/\/www.altanart.cz\/kkcart\/#website\"},\"datePublished\":\"2021-08-04T13:50:28+00:00\",\"dateModified\":\"2021-08-09T18:16:55+00:00\",\"description\":\"Jsme m\u00edstem setk\u00e1v\u00e1n\u00ed, inspirace a tvorby. Dok\u00e1\u017eeme v\u00e1s vyv\u00e9st ze samoty a propojit s\u00a0dal\u0161\u00edmi lidmi, se kter\u00fdmi naleznete spole\u010dnou \u0159e\u010d.\",\"breadcrumb\":{\"@id\":\"https:\/\/www.altanart.cz\/kkcart\/lektori\/#breadcrumb\"},\"inLanguage\":\"cs\",\"potentialAction\":[{\"@type\":\"ReadAction\",\"target\":[\"https:\/\/www.altanart.cz\/kkcart\/lektori\/\"]}]},{\"@type\":\"BreadcrumbList\",\"@id\":\"https:\/\/www.altanart.cz\/kkcart\/lektori\/#breadcrumb\",\"itemListElement\":[{\"@type\":\"ListItem\",\"position\":1,\"name\":\"Dom\u016f\",\"item\":\"https:\/\/www.altanart.cz\/kkcart\/\"},{\"@type\":\"ListItem\",\"position\":2,\"name\":\"Lekto\u0159i\"}]},{\"@type\":\"WebSite\",\"@id\":\"https:\/\/www.altanart.cz\/kkcart\/#website\",\"url\":\"https:\/\/www.altanart.cz\/kkcart\/\",\"name\":\"Kulturn\u011b komunitn\u00ed centrum ART\",\"description\":\"\",\"publisher\":{\"@id\":\"https:\/\/www.altanart.cz\/kkcart\/#organization\"},\"potentialAction\":[{\"@type\":\"SearchAction\",\"target\":{\"@type\":\"EntryPoint\",\"urlTemplate\":\"https:\/\/www.altanart.cz\/kkcart\/?s={search_term_string}\"},\"query-input\":\"required name=search_term_string\"}],\"inLanguage\":\"cs\"},{\"@type\":\"Organization\",\"@id\":\"https:\/\/www.altanart.cz\/kkcart\/#organization\",\"name\":\"Kulturn\u011b komunitn\u00ed centrum ART\",\"url\":\"https:\/\/www.altanart.cz\/kkcart\/\",\"logo\":{\"@type\":\"ImageObject\",\"inLanguage\":\"cs\",\"@id\":\"https:\/\/www.altanart.cz\/kkcart\/#\/schema\/logo\/image\/\",\"url\":\"https:\/\/www.altanart.cz\/kkcart\/wp-content\/uploads\/2021\/08\/kkcart_logo.png\",\"contentUrl\":\"https:\/\/www.altanart.cz\/kkcart\/wp-content\/uploads\/2021\/08\/kkcart_logo.png\",\"width\":409,\"height\":325,\"caption\":\"Kulturn\u011b komunitn\u00ed centrum ART\"},\"image\":{\"@id\":\"https:\/\/www.altanart.cz\/kkcart\/#\/schema\/logo\/image\/\"}}]}<\/script>\n<!-- \/ Yoast SEO plugin. -->","yoast_head_json":{"title":"Lekto\u0159i - Kulturn\u011b komunitn\u00ed centrum ART","description":"Jsme m\u00edstem setk\u00e1v\u00e1n\u00ed, inspirace a tvorby. Dok\u00e1\u017eeme v\u00e1s vyv\u00e9st ze samoty a propojit s\u00a0dal\u0161\u00edmi lidmi, se kter\u00fdmi naleznete spole\u010dnou \u0159e\u010d.","robots":{"index":"index","follow":"follow","max-snippet":"max-snippet:-1","max-image-preview":"max-image-preview:large","max-video-preview":"max-video-preview:-1"},"canonical":"https:\/\/www.altanart.cz\/kkcart\/lektori\/","og_locale":"cs_CZ","og_type":"article","og_title":"Lekto\u0159i - Kulturn\u011b komunitn\u00ed centrum ART","og_description":"Jsme m\u00edstem setk\u00e1v\u00e1n\u00ed, inspirace a tvorby. Dok\u00e1\u017eeme v\u00e1s vyv\u00e9st ze samoty a propojit s\u00a0dal\u0161\u00edmi lidmi, se kter\u00fdmi naleznete spole\u010dnou \u0159e\u010d.","og_url":"https:\/\/www.altanart.cz\/kkcart\/lektori\/","og_site_name":"Kulturn\u011b komunitn\u00ed centrum ART","article_modified_time":"2021-08-09T18:16:55+00:00","og_image":[{"url":"https:\/\/www.altanart.cz\/kkcart\/wp-content\/uploads\/2021\/08\/Bez-nazvu-4_slouc.jpg"}],"twitter_card":"summary_large_image","twitter_misc":{"Odhadovan\u00e1 doba \u010dten\u00ed":"4 minuty"},"schema":{"@context":"https:\/\/schema.org","@graph":[{"@type":"WebPage","@id":"https:\/\/www.altanart.cz\/kkcart\/lektori\/","url":"https:\/\/www.altanart.cz\/kkcart\/lektori\/","name":"Lekto\u0159i - Kulturn\u011b komunitn\u00ed centrum ART","isPartOf":{"@id":"https:\/\/www.altanart.cz\/kkcart\/#website"},"datePublished":"2021-08-04T13:50:28+00:00","dateModified":"2021-08-09T18:16:55+00:00","description":"Jsme m\u00edstem setk\u00e1v\u00e1n\u00ed, inspirace a tvorby. Dok\u00e1\u017eeme v\u00e1s vyv\u00e9st ze samoty a propojit s\u00a0dal\u0161\u00edmi lidmi, se kter\u00fdmi naleznete spole\u010dnou \u0159e\u010d.","breadcrumb":{"@id":"https:\/\/www.altanart.cz\/kkcart\/lektori\/#breadcrumb"},"inLanguage":"cs","potentialAction":[{"@type":"ReadAction","target":["https:\/\/www.altanart.cz\/kkcart\/lektori\/"]}]},{"@type":"BreadcrumbList","@id":"https:\/\/www.altanart.cz\/kkcart\/lektori\/#breadcrumb","itemListElement":[{"@type":"ListItem","position":1,"name":"Dom\u016f","item":"https:\/\/www.altanart.cz\/kkcart\/"},{"@type":"ListItem","position":2,"name":"Lekto\u0159i"}]},{"@type":"WebSite","@id":"https:\/\/www.altanart.cz\/kkcart\/#website","url":"https:\/\/www.altanart.cz\/kkcart\/","name":"Kulturn\u011b komunitn\u00ed centrum ART","description":"","publisher":{"@id":"https:\/\/www.altanart.cz\/kkcart\/#organization"},"potentialAction":[{"@type":"SearchAction","target":{"@type":"EntryPoint","urlTemplate":"https:\/\/www.altanart.cz\/kkcart\/?s={search_term_string}"},"query-input":"required name=search_term_string"}],"inLanguage":"cs"},{"@type":"Organization","@id":"https:\/\/www.altanart.cz\/kkcart\/#organization","name":"Kulturn\u011b komunitn\u00ed centrum ART","url":"https:\/\/www.altanart.cz\/kkcart\/","logo":{"@type":"ImageObject","inLanguage":"cs","@id":"https:\/\/www.altanart.cz\/kkcart\/#\/schema\/logo\/image\/","url":"https:\/\/www.altanart.cz\/kkcart\/wp-content\/uploads\/2021\/08\/kkcart_logo.png","contentUrl":"https:\/\/www.altanart.cz\/kkcart\/wp-content\/uploads\/2021\/08\/kkcart_logo.png","width":409,"height":325,"caption":"Kulturn\u011b komunitn\u00ed centrum ART"},"image":{"@id":"https:\/\/www.altanart.cz\/kkcart\/#\/schema\/logo\/image\/"}}]}},"_links":{"self":[{"href":"https:\/\/www.altanart.cz\/kkcart\/wp-json\/wp\/v2\/pages\/48","targetHints":{"allow":["GET"]}}],"collection":[{"href":"https:\/\/www.altanart.cz\/kkcart\/wp-json\/wp\/v2\/pages"}],"about":[{"href":"https:\/\/www.altanart.cz\/kkcart\/wp-json\/wp\/v2\/types\/page"}],"author":[{"embeddable":true,"href":"https:\/\/www.altanart.cz\/kkcart\/wp-json\/wp\/v2\/users\/1"}],"replies":[{"embeddable":true,"href":"https:\/\/www.altanart.cz\/kkcart\/wp-json\/wp\/v2\/comments?post=48"}],"version-history":[{"count":4,"href":"https:\/\/www.altanart.cz\/kkcart\/wp-json\/wp\/v2\/pages\/48\/revisions"}],"predecessor-version":[{"id":154,"href":"https:\/\/www.altanart.cz\/kkcart\/wp-json\/wp\/v2\/pages\/48\/revisions\/154"}],"wp:attachment":[{"href":"https:\/\/www.altanart.cz\/kkcart\/wp-json\/wp\/v2\/media?parent=48"}],"curies":[{"name":"wp","href":"https:\/\/api.w.org\/{rel}","templated":true}]}}